{"id":340,"date":"2025-10-16T12:45:05","date_gmt":"2025-10-16T10:45:05","guid":{"rendered":"https:\/\/donidarte.it\/?page_id=340"},"modified":"2025-11-01T15:13:42","modified_gmt":"2025-11-01T14:13:42","slug":"doni-darte","status":"publish","type":"page","link":"https:\/\/donidarte.it\/","title":{"rendered":"Doni d&#8217;Arte"},"content":{"rendered":"\n<div class=\"wp-block-cover is-light\" style=\"min-height:608px;aspect-ratio:unset;\"><img loading=\"lazy\" decoding=\"async\" width=\"1024\" height=\"876\" class=\"wp-block-cover__image-background wp-image-364 size-large\" alt=\"\" src=\"https:\/\/donidarte.it\/wp-content\/uploads\/2025\/10\/IMG_20250814_102500-1024x876.jpg\" data-object-fit=\"cover\" srcset=\"https:\/\/donidarte.it\/wp-content\/uploads\/2025\/10\/IMG_20250814_102500-1024x876.jpg 1024w, https:\/\/donidarte.it\/wp-content\/uploads\/2025\/10\/IMG_20250814_102500-288x246.jpg 288w, https:\/\/donidarte.it\/wp-content\/uploads\/2025\/10\/IMG_20250814_102500-300x257.jpg 300w, https:\/\/donidarte.it\/wp-content\/uploads\/2025\/10\/IMG_20250814_102500-768x657.jpg 768w, https:\/\/donidarte.it\/wp-content\/uploads\/2025\/10\/IMG_20250814_102500-1536x1313.jpg 1536w, https:\/\/donidarte.it\/wp-content\/uploads\/2025\/10\/IMG_20250814_102500.jpg 2000w\" sizes=\"auto, (max-width: 1024px) 100vw, 1024px\" \/><span aria-hidden=\"true\" class=\"wp-block-cover__background has-background-dim\" style=\"background-color:#bab8b2\"><\/span><div class=\"wp-block-cover__inner-container is-layout-flow wp-block-cover-is-layout-flow\">\n<p><\/p>\n\n\n\n<p><\/p>\n\n\n\n<figure class=\"wp-block-image aligncenter size-full is-resized\"><img loading=\"lazy\" decoding=\"async\" width=\"391\" height=\"228\" src=\"https:\/\/donidarte.it\/wp-content\/uploads\/2025\/10\/logo-doni-darte-bianco.png\" alt=\"\" class=\"wp-image-609\" style=\"width:411px;height:auto\" srcset=\"https:\/\/donidarte.it\/wp-content\/uploads\/2025\/10\/logo-doni-darte-bianco.png 391w, https:\/\/donidarte.it\/wp-content\/uploads\/2025\/10\/logo-doni-darte-bianco-288x168.png 288w, https:\/\/donidarte.it\/wp-content\/uploads\/2025\/10\/logo-doni-darte-bianco-300x175.png 300w\" sizes=\"auto, (max-width: 391px) 100vw, 391px\" \/><\/figure>\n\n\n\n<p class=\"has-text-align-center has-ast-global-color-4-color has-text-color has-link-color has-medium-font-size wp-elements-a632a01c1ac0eab9ef70ed7899d2a54c\">#Argilla #Artigianato #Arte<\/p>\n<\/div><\/div>\n\n\n\n<div class=\"wp-block-columns is-layout-flex wp-container-core-columns-is-layout-f8b4e0b0 wp-block-columns-is-layout-flex\" style=\"margin-top:var(--wp--preset--spacing--50);margin-bottom:var(--wp--preset--spacing--50);padding-top:0;padding-right:0;padding-bottom:0;padding-left:0\">\n<div class=\"wp-block-column is-layout-flow wp-block-column-is-layout-flow\">\n<figure class=\"wp-block-image aligncenter size-large is-resized\"><img loading=\"lazy\" decoding=\"async\" width=\"1382\" height=\"1844\" src=\"https:\/\/donidarte.it\/wp-content\/uploads\/2025\/10\/Rid-verde-1-edited.jpg\" alt=\"\" class=\"wp-image-749\" style=\"width:160px;height:auto\" srcset=\"https:\/\/donidarte.it\/wp-content\/uploads\/2025\/10\/Rid-verde-1-edited.jpg 1382w, https:\/\/donidarte.it\/wp-content\/uploads\/2025\/10\/Rid-verde-1-edited-225x300.jpg 225w, https:\/\/donidarte.it\/wp-content\/uploads\/2025\/10\/Rid-verde-1-edited-767x1024.jpg 767w, https:\/\/donidarte.it\/wp-content\/uploads\/2025\/10\/Rid-verde-1-edited-768x1025.jpg 768w, https:\/\/donidarte.it\/wp-content\/uploads\/2025\/10\/Rid-verde-1-edited-1151x1536.jpg 1151w, https:\/\/donidarte.it\/wp-content\/uploads\/2025\/10\/Rid-verde-1-edited-288x384.jpg 288w\" sizes=\"auto, (max-width: 1382px) 100vw, 1382px\" \/><\/figure>\n<\/div>\n\n\n\n<div class=\"wp-block-column is-layout-flow wp-block-column-is-layout-flow\">\n<figure class=\"wp-block-image aligncenter size-large is-resized\"><img loading=\"lazy\" decoding=\"async\" width=\"768\" height=\"1024\" src=\"https:\/\/donidarte.it\/wp-content\/uploads\/2025\/10\/IMG_20251010_182707-1-768x1024.jpg\" alt=\"\" class=\"wp-image-374\" style=\"width:160px;height:auto\" srcset=\"https:\/\/donidarte.it\/wp-content\/uploads\/2025\/10\/IMG_20251010_182707-1-768x1024.jpg 768w, https:\/\/donidarte.it\/wp-content\/uploads\/2025\/10\/IMG_20251010_182707-1-288x384.jpg 288w, https:\/\/donidarte.it\/wp-content\/uploads\/2025\/10\/IMG_20251010_182707-1-225x300.jpg 225w, https:\/\/donidarte.it\/wp-content\/uploads\/2025\/10\/IMG_20251010_182707-1-1152x1536.jpg 1152w, https:\/\/donidarte.it\/wp-content\/uploads\/2025\/10\/IMG_20251010_182707-1.jpg 1500w\" sizes=\"auto, (max-width: 768px) 100vw, 768px\" \/><\/figure>\n<\/div>\n\n\n\n<div class=\"wp-block-column is-layout-flow wp-block-column-is-layout-flow\">\n<figure class=\"wp-block-image aligncenter size-large is-resized\"><img loading=\"lazy\" decoding=\"async\" width=\"768\" height=\"1024\" src=\"https:\/\/donidarte.it\/wp-content\/uploads\/2025\/10\/IMG_20251020_152601-768x1024.jpg\" alt=\"\" class=\"wp-image-695\" style=\"width:160px;height:auto\" srcset=\"https:\/\/donidarte.it\/wp-content\/uploads\/2025\/10\/IMG_20251020_152601-768x1024.jpg 768w, https:\/\/donidarte.it\/wp-content\/uploads\/2025\/10\/IMG_20251020_152601-225x300.jpg 225w, https:\/\/donidarte.it\/wp-content\/uploads\/2025\/10\/IMG_20251020_152601-1152x1536.jpg 1152w, https:\/\/donidarte.it\/wp-content\/uploads\/2025\/10\/IMG_20251020_152601-1536x2048.jpg 1536w, https:\/\/donidarte.it\/wp-content\/uploads\/2025\/10\/IMG_20251020_152601-288x384.jpg 288w, https:\/\/donidarte.it\/wp-content\/uploads\/2025\/10\/IMG_20251020_152601-scaled.jpg 1920w\" sizes=\"auto, (max-width: 768px) 100vw, 768px\" \/><\/figure>\n<\/div>\n\n\n\n<div class=\"wp-block-column is-layout-flow wp-block-column-is-layout-flow\">\n<figure class=\"wp-block-image aligncenter size-large is-resized\"><img loading=\"lazy\" decoding=\"async\" width=\"1921\" height=\"2560\" src=\"https:\/\/donidarte.it\/wp-content\/uploads\/2025\/10\/alberelli-scaled-edited.jpg\" alt=\"\" class=\"wp-image-750\" style=\"width:159px;height:auto\" srcset=\"https:\/\/donidarte.it\/wp-content\/uploads\/2025\/10\/alberelli-scaled-edited.jpg 1921w, https:\/\/donidarte.it\/wp-content\/uploads\/2025\/10\/alberelli-scaled-edited-225x300.jpg 225w, https:\/\/donidarte.it\/wp-content\/uploads\/2025\/10\/alberelli-scaled-edited-768x1023.jpg 768w, https:\/\/donidarte.it\/wp-content\/uploads\/2025\/10\/alberelli-scaled-edited-1153x1536.jpg 1153w, https:\/\/donidarte.it\/wp-content\/uploads\/2025\/10\/alberelli-scaled-edited-1537x2048.jpg 1537w, https:\/\/donidarte.it\/wp-content\/uploads\/2025\/10\/alberelli-scaled-edited-288x384.jpg 288w\" sizes=\"auto, (max-width: 1921px) 100vw, 1921px\" \/><\/figure>\n<\/div>\n\n\n\n<div class=\"wp-block-column is-layout-flow wp-block-column-is-layout-flow\">\n<figure class=\"wp-block-image aligncenter size-large is-resized\"><img loading=\"lazy\" decoding=\"async\" width=\"768\" height=\"1024\" src=\"https:\/\/donidarte.it\/wp-content\/uploads\/2025\/09\/IMG_20250812_235920-768x1024.jpg\" alt=\"\" class=\"wp-image-174\" style=\"width:159px;height:auto\" srcset=\"https:\/\/donidarte.it\/wp-content\/uploads\/2025\/09\/IMG_20250812_235920-768x1024.jpg 768w, https:\/\/donidarte.it\/wp-content\/uploads\/2025\/09\/IMG_20250812_235920-288x384.jpg 288w, https:\/\/donidarte.it\/wp-content\/uploads\/2025\/09\/IMG_20250812_235920-225x300.jpg 225w, https:\/\/donidarte.it\/wp-content\/uploads\/2025\/09\/IMG_20250812_235920-1152x1536.jpg 1152w, https:\/\/donidarte.it\/wp-content\/uploads\/2025\/09\/IMG_20250812_235920.jpg 1530w\" sizes=\"auto, (max-width: 768px) 100vw, 768px\" \/><\/figure>\n<\/div>\n\n\n\n<div class=\"wp-block-column is-layout-flow wp-block-column-is-layout-flow\">\n<figure class=\"wp-block-image aligncenter size-large is-resized\"><img loading=\"lazy\" decoding=\"async\" width=\"768\" height=\"1024\" src=\"https:\/\/donidarte.it\/wp-content\/uploads\/2025\/10\/rid-2b-1-768x1024.jpg\" alt=\"\" class=\"wp-image-760\" style=\"width:158px;height:auto\" srcset=\"https:\/\/donidarte.it\/wp-content\/uploads\/2025\/10\/rid-2b-1-768x1024.jpg 768w, https:\/\/donidarte.it\/wp-content\/uploads\/2025\/10\/rid-2b-1-225x300.jpg 225w, https:\/\/donidarte.it\/wp-content\/uploads\/2025\/10\/rid-2b-1-1152x1536.jpg 1152w, https:\/\/donidarte.it\/wp-content\/uploads\/2025\/10\/rid-2b-1-1536x2048.jpg 1536w, https:\/\/donidarte.it\/wp-content\/uploads\/2025\/10\/rid-2b-1-288x384.jpg 288w, https:\/\/donidarte.it\/wp-content\/uploads\/2025\/10\/rid-2b-1-scaled.jpg 1920w\" sizes=\"auto, (max-width: 768px) 100vw, 768px\" \/><\/figure>\n<\/div>\n<\/div>\n\n\n\n<div class=\"wp-block-columns is-layout-flex wp-container-core-columns-is-layout-28f84493 wp-block-columns-is-layout-flex\">\n<div class=\"wp-block-column is-layout-flow wp-block-column-is-layout-flow\">\n<figure class=\"wp-block-image size-full is-resized\"><img loading=\"lazy\" decoding=\"async\" width=\"1080\" height=\"1122\" src=\"https:\/\/donidarte.it\/wp-content\/uploads\/2025\/10\/download-2.png\" alt=\"\" class=\"wp-image-366\" style=\"width:304px;height:auto\" srcset=\"https:\/\/donidarte.it\/wp-content\/uploads\/2025\/10\/download-2.png 1080w, https:\/\/donidarte.it\/wp-content\/uploads\/2025\/10\/download-2-288x299.png 288w, https:\/\/donidarte.it\/wp-content\/uploads\/2025\/10\/download-2-289x300.png 289w, https:\/\/donidarte.it\/wp-content\/uploads\/2025\/10\/download-2-986x1024.png 986w, https:\/\/donidarte.it\/wp-content\/uploads\/2025\/10\/download-2-768x798.png 768w\" sizes=\"auto, (max-width: 1080px) 100vw, 1080px\" \/><\/figure>\n<\/div>\n\n\n\n<div class=\"wp-block-column is-layout-flow wp-block-column-is-layout-flow\">\n<p class=\"has-ast-global-color-1-color has-text-color has-link-color has-x-large-font-size wp-elements-86c9f5538d44bbee04607ca351ffa82b\" style=\"margin-right:0px;margin-left:0px\"><strong>Su di me<\/strong><\/p>\n\n\n\n<p class=\"has-small-font-size\" style=\"border-style:none;border-width:0px;margin-top:0px;margin-bottom:0px\">Ciao, sono Evelina, mi piace definirmi come una creativa e un&#8217;artigiana. Realizzo manufatti e gioielli in argilla sintetica, resina e pietre dure. L&#8217;intero processo di creazione \u00e8 frutto della mia fantasia e della mia manualit\u00e0, dalla forma iniziale al pi\u00f9 piccolo dettaglio finale.<\/p>\n<\/div>\n<\/div>\n\n\n\n<div class=\"wp-block-columns is-layout-flex wp-container-core-columns-is-layout-28f84493 wp-block-columns-is-layout-flex\">\n<div class=\"wp-block-column is-layout-flow wp-block-column-is-layout-flow\">\n<p class=\"has-ast-global-color-1-color has-text-color has-link-color has-x-large-font-size wp-elements-8561ce227bd086b976483dcc82057d34\" style=\"margin-right:0px;margin-left:0px\"><strong>Plasmare<\/strong><\/p>\n\n\n\n<p class=\"has-small-font-size\" style=\"border-style:none;border-width:0px;margin-top:0px;margin-bottom:0px\">L\u2019argilla sintetica possiede una bellezza silenziosa e primordiale: ricorda molto la creta e nelle mani di chi la modella, si trasforma con naturalezza in infinite forme. La sua morbidezza permette di plasmare curve, superfici e dettagli delicati, dando vita a oggetti che portano con s\u00e9 l\u2019impronta unica di chi li crea.<\/p>\n<\/div>\n\n\n\n<div class=\"wp-block-column is-layout-flow wp-block-column-is-layout-flow\">\n<figure class=\"wp-block-image aligncenter size-full is-resized\"><img loading=\"lazy\" decoding=\"async\" width=\"2560\" height=\"1920\" src=\"https:\/\/donidarte.it\/wp-content\/uploads\/2025\/10\/IMG_20251012_185352-4-scaled.jpg\" alt=\"\" class=\"wp-image-667\" style=\"width:354px;height:auto\" srcset=\"https:\/\/donidarte.it\/wp-content\/uploads\/2025\/10\/IMG_20251012_185352-4-scaled.jpg 2560w, https:\/\/donidarte.it\/wp-content\/uploads\/2025\/10\/IMG_20251012_185352-4-300x225.jpg 300w, https:\/\/donidarte.it\/wp-content\/uploads\/2025\/10\/IMG_20251012_185352-4-1024x768.jpg 1024w, https:\/\/donidarte.it\/wp-content\/uploads\/2025\/10\/IMG_20251012_185352-4-768x576.jpg 768w, https:\/\/donidarte.it\/wp-content\/uploads\/2025\/10\/IMG_20251012_185352-4-1536x1152.jpg 1536w, https:\/\/donidarte.it\/wp-content\/uploads\/2025\/10\/IMG_20251012_185352-4-2048x1536.jpg 2048w, https:\/\/donidarte.it\/wp-content\/uploads\/2025\/10\/IMG_20251012_185352-4-288x216.jpg 288w\" sizes=\"auto, (max-width: 2560px) 100vw, 2560px\" \/><\/figure>\n<\/div>\n<\/div>\n\n\n\n<div class=\"wp-block-columns is-layout-flex wp-container-core-columns-is-layout-28f84493 wp-block-columns-is-layout-flex\">\n<div class=\"wp-block-column is-layout-flow wp-block-column-is-layout-flow\">\n<figure class=\"wp-block-image size-full is-resized\"><img loading=\"lazy\" decoding=\"async\" width=\"1223\" height=\"917\" src=\"https:\/\/donidarte.it\/wp-content\/uploads\/2025\/10\/0021_IMG_20250802_104826.jpg\" alt=\"\" class=\"wp-image-708\" style=\"width:341px;height:auto\" srcset=\"https:\/\/donidarte.it\/wp-content\/uploads\/2025\/10\/0021_IMG_20250802_104826.jpg 1223w, https:\/\/donidarte.it\/wp-content\/uploads\/2025\/10\/0021_IMG_20250802_104826-300x225.jpg 300w, https:\/\/donidarte.it\/wp-content\/uploads\/2025\/10\/0021_IMG_20250802_104826-1024x768.jpg 1024w, https:\/\/donidarte.it\/wp-content\/uploads\/2025\/10\/0021_IMG_20250802_104826-768x576.jpg 768w, https:\/\/donidarte.it\/wp-content\/uploads\/2025\/10\/0021_IMG_20250802_104826-288x216.jpg 288w\" sizes=\"auto, (max-width: 1223px) 100vw, 1223px\" \/><\/figure>\n<\/div>\n\n\n\n<div class=\"wp-block-column is-layout-flow wp-block-column-is-layout-flow\">\n<p class=\"has-ast-global-color-1-color has-text-color has-link-color has-x-large-font-size wp-elements-326f2a4d82075644b89b79ba33e74a51\" style=\"margin-right:0px;margin-left:0px\"><strong>Artigianalmente<\/strong><\/p>\n\n\n\n<p class=\"has-small-font-size\" style=\"border-style:none;border-width:0px;margin-top:0px;margin-bottom:0px\">Ogni mia creazione \u00e8 realizzata interamente a mano, con passione e cura per i dettagli.<br>Proprio per questo motivo, possono essere presenti piccole irregolarit\u00e0 o leggere differenze tra un pezzo e l\u2019altro. Queste non sono da considerarsi difetti, ma segni distintivi che rendono ogni prodotto unico e autentico, testimonianza del suo carattere artigianale.<\/p>\n\n\n\n<p class=\"has-small-font-size\" style=\"border-style:none;border-width:0px;margin-top:0px;margin-bottom:0px\"><\/p>\n<\/div>\n<\/div>\n\n\n\n<p><\/p>\n\n\n\n<div style=\"height:34px\" aria-hidden=\"true\" class=\"wp-block-spacer\"><\/div>\n\n\n\n<p><\/p>\n\n\n\n<p class=\"has-text-align-center has-large-font-size\" style=\"margin-top:15px;margin-bottom:15px\"><strong>Le mie creazioni<\/strong><\/p>\n\n\n\n<div class=\"wp-block-columns is-layout-flex wp-container-core-columns-is-layout-1fe1f53f wp-block-columns-is-layout-flex\" style=\"padding-top:20px;padding-bottom:20px\">\n<div class=\"wp-block-column is-layout-flow wp-block-column-is-layout-flow\">\n<figure class=\"wp-block-image aligncenter size-large is-resized\"><a href=\"https:\/\/donidarte.it\/?page_id=847\"><img loading=\"lazy\" decoding=\"async\" width=\"2300\" height=\"2300\" src=\"https:\/\/donidarte.it\/wp-content\/uploads\/2025\/10\/rid-2a-edited.jpg\" alt=\"\" class=\"wp-image-766\" style=\"width:228px;height:auto\" srcset=\"https:\/\/donidarte.it\/wp-content\/uploads\/2025\/10\/rid-2a-edited.jpg 2300w, https:\/\/donidarte.it\/wp-content\/uploads\/2025\/10\/rid-2a-edited-300x300.jpg 300w, https:\/\/donidarte.it\/wp-content\/uploads\/2025\/10\/rid-2a-edited-1024x1024.jpg 1024w, https:\/\/donidarte.it\/wp-content\/uploads\/2025\/10\/rid-2a-edited-150x150.jpg 150w, https:\/\/donidarte.it\/wp-content\/uploads\/2025\/10\/rid-2a-edited-768x768.jpg 768w, https:\/\/donidarte.it\/wp-content\/uploads\/2025\/10\/rid-2a-edited-1536x1536.jpg 1536w, https:\/\/donidarte.it\/wp-content\/uploads\/2025\/10\/rid-2a-edited-2048x2048.jpg 2048w, https:\/\/donidarte.it\/wp-content\/uploads\/2025\/10\/rid-2a-edited-288x288.jpg 288w, https:\/\/donidarte.it\/wp-content\/uploads\/2025\/10\/rid-2a-edited-100x100.jpg 100w\" sizes=\"auto, (max-width: 2300px) 100vw, 2300px\" \/><\/a><\/figure>\n\n\n\n<div class=\"wp-block-buttons is-content-justification-center is-layout-flex wp-container-core-buttons-is-layout-a89b3969 wp-block-buttons-is-layout-flex\">\n<div class=\"wp-block-button\"><a class=\"wp-block-button__link has-small-font-size has-custom-font-size wp-element-button\" href=\"https:\/\/donidarte.it\/?page_id=847\"><strong>Gioielli<\/strong><\/a><\/div>\n<\/div>\n<\/div>\n\n\n\n<div class=\"wp-block-column is-layout-flow wp-block-column-is-layout-flow\">\n<figure class=\"wp-block-image aligncenter size-full is-resized\"><a href=\"https:\/\/donidarte.it\/?page_id=863\"><img loading=\"lazy\" decoding=\"async\" width=\"752\" height=\"752\" src=\"https:\/\/donidarte.it\/wp-content\/uploads\/2025\/10\/0014_IMG_20250802_104838-2.jpg\" alt=\"\" class=\"wp-image-620\" style=\"width:228px;height:auto\" srcset=\"https:\/\/donidarte.it\/wp-content\/uploads\/2025\/10\/0014_IMG_20250802_104838-2.jpg 752w, https:\/\/donidarte.it\/wp-content\/uploads\/2025\/10\/0014_IMG_20250802_104838-2-300x300.jpg 300w, https:\/\/donidarte.it\/wp-content\/uploads\/2025\/10\/0014_IMG_20250802_104838-2-100x100.jpg 100w, https:\/\/donidarte.it\/wp-content\/uploads\/2025\/10\/0014_IMG_20250802_104838-2-288x288.jpg 288w, https:\/\/donidarte.it\/wp-content\/uploads\/2025\/10\/0014_IMG_20250802_104838-2-150x150.jpg 150w\" sizes=\"auto, (max-width: 752px) 100vw, 752px\" \/><\/a><\/figure>\n\n\n\n<div class=\"wp-block-buttons alignwide is-content-justification-center is-layout-flex wp-container-core-buttons-is-layout-a89b3969 wp-block-buttons-is-layout-flex\">\n<div class=\"wp-block-button\"><a class=\"wp-block-button__link has-small-font-size has-custom-font-size wp-element-button\" href=\"https:\/\/donidarte.it\/?page_id=863\"><strong>Accessori<\/strong><\/a><\/div>\n<\/div>\n<\/div>\n\n\n\n<div class=\"wp-block-column is-layout-flow wp-block-column-is-layout-flow\">\n<figure class=\"wp-block-image aligncenter size-large is-resized\"><a href=\"https:\/\/donidarte.it\/?page_id=878\"><img loading=\"lazy\" decoding=\"async\" width=\"1024\" height=\"1024\" src=\"https:\/\/donidarte.it\/wp-content\/uploads\/2025\/10\/IMG_20251010_153023-1-1024x1024.jpg\" alt=\"\" class=\"wp-image-621\" style=\"width:227px;height:auto\" srcset=\"https:\/\/donidarte.it\/wp-content\/uploads\/2025\/10\/IMG_20251010_153023-1-1024x1024.jpg 1024w, https:\/\/donidarte.it\/wp-content\/uploads\/2025\/10\/IMG_20251010_153023-1-300x300.jpg 300w, https:\/\/donidarte.it\/wp-content\/uploads\/2025\/10\/IMG_20251010_153023-1-100x100.jpg 100w, https:\/\/donidarte.it\/wp-content\/uploads\/2025\/10\/IMG_20251010_153023-1-288x288.jpg 288w, https:\/\/donidarte.it\/wp-content\/uploads\/2025\/10\/IMG_20251010_153023-1-150x150.jpg 150w, https:\/\/donidarte.it\/wp-content\/uploads\/2025\/10\/IMG_20251010_153023-1-768x768.jpg 768w, https:\/\/donidarte.it\/wp-content\/uploads\/2025\/10\/IMG_20251010_153023-1-1536x1536.jpg 1536w, https:\/\/donidarte.it\/wp-content\/uploads\/2025\/10\/IMG_20251010_153023-1.jpg 2000w\" sizes=\"auto, (max-width: 1024px) 100vw, 1024px\" \/><\/a><\/figure>\n\n\n\n<div class=\"wp-block-buttons is-content-justification-center is-layout-flex wp-container-core-buttons-is-layout-a89b3969 wp-block-buttons-is-layout-flex\">\n<div class=\"wp-block-button has-custom-width wp-block-button__width-100\"><a class=\"wp-block-button__link has-text-align-center wp-element-button\" href=\"https:\/\/donidarte.it\/?page_id=878\"><strong>Portacandele e portaincensi<\/strong><\/a><\/div>\n<\/div>\n<\/div>\n\n\n\n<div class=\"wp-block-column is-layout-flow wp-block-column-is-layout-flow\">\n<figure class=\"wp-block-image aligncenter size-large is-resized\"><a href=\"https:\/\/donidarte.it\/?product_cat=decorazioni-natalizie\"><img loading=\"lazy\" decoding=\"async\" width=\"1024\" height=\"1024\" src=\"https:\/\/donidarte.it\/wp-content\/uploads\/2025\/10\/IMG_20251010_182707-2-1024x1024.jpg\" alt=\"\" class=\"wp-image-622\" style=\"width:224px;height:auto\" srcset=\"https:\/\/donidarte.it\/wp-content\/uploads\/2025\/10\/IMG_20251010_182707-2-1024x1024.jpg 1024w, https:\/\/donidarte.it\/wp-content\/uploads\/2025\/10\/IMG_20251010_182707-2-300x300.jpg 300w, https:\/\/donidarte.it\/wp-content\/uploads\/2025\/10\/IMG_20251010_182707-2-100x100.jpg 100w, https:\/\/donidarte.it\/wp-content\/uploads\/2025\/10\/IMG_20251010_182707-2-288x288.jpg 288w, https:\/\/donidarte.it\/wp-content\/uploads\/2025\/10\/IMG_20251010_182707-2-150x150.jpg 150w, https:\/\/donidarte.it\/wp-content\/uploads\/2025\/10\/IMG_20251010_182707-2-768x768.jpg 768w, https:\/\/donidarte.it\/wp-content\/uploads\/2025\/10\/IMG_20251010_182707-2.jpg 1500w\" sizes=\"auto, (max-width: 1024px) 100vw, 1024px\" \/><\/a><\/figure>\n\n\n\n<div class=\"wp-block-buttons is-content-justification-center is-layout-flex wp-container-core-buttons-is-layout-a89b3969 wp-block-buttons-is-layout-flex\">\n<div class=\"wp-block-button has-custom-width wp-block-button__width-75\"><a class=\"wp-block-button__link has-small-font-size has-custom-font-size wp-element-button\" href=\"https:\/\/donidarte.it\/?product_cat=decorazioni-natalizie\"><strong>Decorazioni natalizie<\/strong><\/a><\/div>\n<\/div>\n<\/div>\n<\/div>\n\n\n\n<div style=\"height:100px\" aria-hidden=\"true\" class=\"wp-block-spacer\"><\/div>\n\n\n\n<div class=\"wp-block-group has-background is-layout-constrained wp-block-group-is-layout-constrained\" style=\"background-color:#c8e0c8\">\n<p class=\"has-text-align-center has-ast-global-color-4-color has-text-color has-link-color wp-elements-aaea8535bb07c84bdbdbf445e559faa4\" style=\"margin-top:15px;margin-bottom:15px;font-size:25px\"><strong>CREAZIONI SU MISURA<\/strong><\/p>\n\n\n\n<div class=\"wp-block-group is-layout-constrained wp-block-group-is-layout-constrained\">\n<p class=\"has-text-align-center has-small-font-size\" style=\"padding-top:0;padding-right:0;padding-bottom:0;padding-left:0\">Oltre ai pezzi disponibili, puoi <strong>richiedere realizzazioni su commissione<\/strong>, pensate e create <strong>su misura per te<\/strong> \u2014 scegliendo <strong>modello, colori, materiali, dimensioni e quantit\u00e0<\/strong>. Che si tratti di un regalo speciale, di un evento, o semplicemente di qualcosa che rispecchi pienamente il tuo stile, lavoreremo insieme per dare forma alla tua idea.<\/p>\n\n\n\n<p class=\"has-text-align-center has-small-font-size\" style=\"padding-top:0;padding-right:0;padding-bottom:0;padding-left:0\"> <strong>Contattami<\/strong> per raccontarmi la tua idea e ricevere un preventivo personalizzato.<\/p>\n<\/div>\n\n\n\n<div class=\"wp-block-buttons is-layout-flex wp-block-buttons-is-layout-flex\"><\/div>\n\n\n\n<div class=\"wp-block-buttons is-content-justification-center is-layout-flex wp-container-core-buttons-is-layout-a89b3969 wp-block-buttons-is-layout-flex\">\n<div class=\"wp-block-button is-style-outline is-style-outline--1\"><a class=\"wp-block-button__link has-ast-global-color-3-color has-text-color has-link-color has-border-color has-ast-global-color-3-border-color wp-element-button\" href=\"https:\/\/donidarte.it\/?page_id=263\"><strong>Contatti<\/strong><\/a><\/div>\n<\/div>\n<\/div>\n\n\n\n<p class=\"has-text-align-center has-small-font-size\" style=\"padding-top:0;padding-right:var(--wp--preset--spacing--80);padding-bottom:0;padding-left:var(--wp--preset--spacing--80)\"><\/p>\n\n\n\n<p><\/p>\n","protected":false},"excerpt":{"rendered":"<p>Su di me Ciao, sono Evelina, mi piace definirmi come una creativa e un&#8217;artigiana. Realizzo manufatti e gioielli in argilla [&hellip;]<\/p>\n","protected":false},"author":1,"featured_media":0,"parent":0,"menu_order":0,"comment_status":"closed","ping_status":"closed","template":"","meta":{"site-sidebar-layout":"default","site-content-layout":"","ast-site-content-layout":"default","site-content-style":"default","site-sidebar-style":"default","ast-global-header-display":"","ast-banner-title-visibility":"","ast-main-header-display":"","ast-hfb-above-header-display":"","ast-hfb-below-header-display":"","ast-hfb-mobile-header-display":"","site-post-title":"disabled","ast-breadcrumbs-content":"","ast-featured-img":"","footer-sml-layout":"","ast-disable-related-posts":"","theme-transparent-header-meta":"","adv-header-id-meta":"","stick-header-meta":"","header-above-stick-meta":"","header-main-stick-meta":"","header-below-stick-meta":"","astra-migrate-meta-layouts":"default","ast-page-background-enabled":"default","ast-page-background-meta":{"desktop":{"background-color":"var(--ast-global-color-5)","background-image":"","background-repeat":"repeat","background-position":"center center","background-size":"auto","background-attachment":"scroll","background-type":"","background-media":"","overlay-type":"","overlay-color":"","overlay-opacity":"","overlay-gradient":""},"tablet":{"background-color":"","background-image":"","background-repeat":"repeat","background-position":"center center","background-size":"auto","background-attachment":"scroll","background-type":"","background-media":"","overlay-type":"","overlay-color":"","overlay-opacity":"","overlay-gradient":""},"mobile":{"background-color":"","background-image":"","background-repeat":"repeat","background-position":"center center","background-size":"auto","background-attachment":"scroll","background-type":"","background-media":"","overlay-type":"","overlay-color":"","overlay-opacity":"","overlay-gradient":""}},"ast-content-background-meta":{"desktop":{"background-color":"var(--ast-global-color-4)","background-image":"","background-repeat":"repeat","background-position":"center center","background-size":"auto","background-attachment":"scroll","background-type":"","background-media":"","overlay-type":"","overlay-color":"","overlay-opacity":"","overlay-gradient":""},"tablet":{"background-color":"var(--ast-global-color-4)","background-image":"","background-repeat":"repeat","background-position":"center center","background-size":"auto","background-attachment":"scroll","background-type":"","background-media":"","overlay-type":"","overlay-color":"","overlay-opacity":"","overlay-gradient":""},"mobile":{"background-color":"var(--ast-global-color-4)","background-image":"","background-repeat":"repeat","background-position":"center center","background-size":"auto","background-attachment":"scroll","background-type":"","background-media":"","overlay-type":"","overlay-color":"","overlay-opacity":"","overlay-gradient":""}},"footnotes":""},"class_list":["post-340","page","type-page","status-publish","hentry"],"jetpack_sharing_enabled":true,"_links":{"self":[{"href":"https:\/\/donidarte.it\/index.php?rest_route=\/wp\/v2\/pages\/340","targetHints":{"allow":["GET"]}}],"collection":[{"href":"https:\/\/donidarte.it\/index.php?rest_route=\/wp\/v2\/pages"}],"about":[{"href":"https:\/\/donidarte.it\/index.php?rest_route=\/wp\/v2\/types\/page"}],"author":[{"embeddable":true,"href":"https:\/\/donidarte.it\/index.php?rest_route=\/wp\/v2\/users\/1"}],"replies":[{"embeddable":true,"href":"https:\/\/donidarte.it\/index.php?rest_route=%2Fwp%2Fv2%2Fcomments&post=340"}],"version-history":[{"count":74,"href":"https:\/\/donidarte.it\/index.php?rest_route=\/wp\/v2\/pages\/340\/revisions"}],"predecessor-version":[{"id":889,"href":"https:\/\/donidarte.it\/index.php?rest_route=\/wp\/v2\/pages\/340\/revisions\/889"}],"wp:attachment":[{"href":"https:\/\/donidarte.it\/index.php?rest_route=%2Fwp%2Fv2%2Fmedia&parent=340"}],"curies":[{"name":"wp","href":"https:\/\/api.w.org\/{rel}","templated":true}]}}